{"id":46,"date":"2024-06-13T19:34:35","date_gmt":"2024-06-13T19:34:35","guid":{"rendered":"http:\/\/mariaallemand.com.ar\/wp\/?page_id=46"},"modified":"2024-06-25T16:14:20","modified_gmt":"2024-06-25T16:14:20","slug":"no-es-facil-comprender-un-crepusculo","status":"publish","type":"page","link":"https:\/\/mariaallemand.com.ar\/wp\/muestras\/no-es-facil-comprender-un-crepusculo\/","title":{"rendered":"No es f\u00e1cil comprender un crep\u00fasculo"},"content":{"rendered":"\n<p class=\"has-medium-font-size\">2015 Allegro Gallery \/ Panam\u00e1<\/p>\n\n\n<div class=\"foogallery foogallery-container foogallery-masonry foogallery-lightbox-foogallery fg-center fg-gutter-none fg-masonry fg-light fg-border-thin fg-loading-default fg-loaded-fade-in fg-caption-hover fg-hover-fade fg-light-overlays fg-ready fg-col3\" id=\"foogallery-gallery-229\" data-foogallery=\"{&quot;item&quot;:{&quot;showCaptionTitle&quot;:true,&quot;showCaptionDescription&quot;:true},&quot;lazy&quot;:true}\" data-foogallery-lightbox=\"{&quot;thumbs&quot;:&quot;bottom&quot;,&quot;thumbsCaptions&quot;:false,&quot;thumbsBestFit&quot;:false,&quot;thumbsSmall&quot;:false,&quot;thumbsCaptionsAlign&quot;:&quot;default&quot;,&quot;info&quot;:&quot;bottom&quot;,&quot;infoVisible&quot;:true,&quot;infoOverlay&quot;:true,&quot;infoAlign&quot;:&quot;default&quot;,&quot;transition&quot;:&quot;fade&quot;,&quot;hoverButtons&quot;:false,&quot;fitMedia&quot;:false,&quot;noScrollbars&quot;:true,&quot;preserveButtonSpace&quot;:true,&quot;buttons&quot;:{&quot;fullscreen&quot;:true,&quot;info&quot;:true,&quot;thumbs&quot;:false},&quot;video&quot;:{&quot;autoPlay&quot;:true}}\" >\r\n\t\t<div class=\"fg-column-width\"><\/div>\r\n\t<div class=\"fg-gutter-width\"><\/div>\r\n\t\t<div class=\"fg-item fg-type-image fg-idle\"><figure class=\"fg-item-inner\"><a href=\"https:\/\/mariaallemand.com.ar\/wp\/wp-content\/uploads\/2024\/06\/14caracoles-80x100-W.jpg\" data-caption-title=\"La llamada de las olas\" data-caption-desc=\"\u00f3leo sobre tela \/ 80x100 cm\" data-attachment-id=\"192\" data-type=\"image\" class=\"fg-thumb\"><span class=\"fg-image-wrap\"><img fetchpriority=\"high\" decoding=\"async\" title=\"La llamada de las olas\" width=\"250\" height=\"313\" class=\"skip-lazy fg-image\" data-src-fg=\"https:\/\/mariaallemand.com.ar\/wp\/wp-content\/uploads\/cache\/2024\/06\/14caracoles-80x100-W\/2733916952.jpg\" src=\"data:image\/svg+xml,%3Csvg%20xmlns%3D%22http%3A%2F%2Fwww.w3.org%2F2000%2Fsvg%22%20width%3D%22250%22%20height%3D%22313%22%20viewBox%3D%220%200%20250%20313%22%3E%3C%2Fsvg%3E\" loading=\"eager\"><\/span><span class=\"fg-image-overlay\"><\/span><\/a><figcaption class=\"fg-caption\"><div class=\"fg-caption-inner\"><div class=\"fg-caption-title\">La llamada de las olas<\/div><div class=\"fg-caption-desc\">\u00f3leo sobre tela \/ 80&#215;100 cm<\/div><\/div><\/figcaption><\/figure><div class=\"fg-loader\"><\/div><\/div><div class=\"fg-item fg-type-image fg-idle\"><figure class=\"fg-item-inner\"><a href=\"https:\/\/mariaallemand.com.ar\/wp\/wp-content\/uploads\/2024\/06\/15remolino-80x60W.jpg\" data-caption-title=\"Desde el cielo del infierno\" data-caption-desc=\"\u00f3leo sobre tela \/ 60x80 cm\" data-attachment-id=\"193\" data-type=\"image\" class=\"fg-thumb\"><span class=\"fg-image-wrap\"><img decoding=\"async\" title=\"Desde el cielo del infierno\" width=\"250\" height=\"332\" class=\"skip-lazy fg-image\" data-src-fg=\"https:\/\/mariaallemand.com.ar\/wp\/wp-content\/uploads\/cache\/2024\/06\/15remolino-80x60W\/3898302809.jpg\" src=\"data:image\/svg+xml,%3Csvg%20xmlns%3D%22http%3A%2F%2Fwww.w3.org%2F2000%2Fsvg%22%20width%3D%22250%22%20height%3D%22332%22%20viewBox%3D%220%200%20250%20332%22%3E%3C%2Fsvg%3E\" loading=\"eager\"><\/span><span class=\"fg-image-overlay\"><\/span><\/a><figcaption class=\"fg-caption\"><div class=\"fg-caption-inner\"><div class=\"fg-caption-title\">Desde el cielo del infierno<\/div><div class=\"fg-caption-desc\">\u00f3leo sobre tela \/ 60&#215;80 cm<\/div><\/div><\/figcaption><\/figure><div class=\"fg-loader\"><\/div><\/div><div class=\"fg-item fg-type-image fg-idle\"><figure class=\"fg-item-inner\"><a href=\"https:\/\/mariaallemand.com.ar\/wp\/wp-content\/uploads\/2024\/06\/07pozo-50x50-W.jpg\" data-caption-title=\"La tr\u00e1gica incapacidad de la raz\u00f3n\" data-caption-desc=\"\u00f3leo sobre tela \/ 50x50 cm\" data-attachment-id=\"187\" data-type=\"image\" class=\"fg-thumb\"><span class=\"fg-image-wrap\"><img decoding=\"async\" title=\"La tr\u00e1gica incapacidad de la raz\u00f3n\" width=\"250\" height=\"252.52525252525\" class=\"skip-lazy fg-image\" data-src-fg=\"https:\/\/mariaallemand.com.ar\/wp\/wp-content\/uploads\/2024\/06\/07pozo-50x50-W.jpg\" src=\"data:image\/svg+xml,%3Csvg%20xmlns%3D%22http%3A%2F%2Fwww.w3.org%2F2000%2Fsvg%22%20width%3D%22250%22%20height%3D%22252.52525252525%22%20viewBox%3D%220%200%20250%20252.52525252525%22%3E%3C%2Fsvg%3E\" loading=\"eager\"><\/span><span class=\"fg-image-overlay\"><\/span><\/a><figcaption class=\"fg-caption\"><div class=\"fg-caption-inner\"><div class=\"fg-caption-title\">La tr\u00e1gica incapacidad de la raz\u00f3n<\/div><div class=\"fg-caption-desc\">\u00f3leo sobre tela \/ 50&#215;50 cm<\/div><\/div><\/figcaption><\/figure><div class=\"fg-loader\"><\/div><\/div><div class=\"fg-item fg-type-image fg-idle\"><figure class=\"fg-item-inner\"><a href=\"https:\/\/mariaallemand.com.ar\/wp\/wp-content\/uploads\/2024\/06\/03selva-45x95-W.jpg\" data-caption-title=\"Claroscuro del bosque\" data-caption-desc=\"\u00f3leo sobre tela \/ 45x95 cm\" data-attachment-id=\"186\" data-type=\"image\" class=\"fg-thumb\"><span class=\"fg-image-wrap\"><img decoding=\"async\" title=\"Claroscuro del bosque\" width=\"250\" height=\"543.47826086957\" class=\"skip-lazy fg-image\" data-src-fg=\"https:\/\/mariaallemand.com.ar\/wp\/wp-content\/uploads\/2024\/06\/03selva-45x95-W.jpg\" src=\"data:image\/svg+xml,%3Csvg%20xmlns%3D%22http%3A%2F%2Fwww.w3.org%2F2000%2Fsvg%22%20width%3D%22250%22%20height%3D%22543.47826086957%22%20viewBox%3D%220%200%20250%20543.47826086957%22%3E%3C%2Fsvg%3E\" loading=\"eager\"><\/span><span class=\"fg-image-overlay\"><\/span><\/a><figcaption class=\"fg-caption\"><div class=\"fg-caption-inner\"><div class=\"fg-caption-title\">Claroscuro del bosque<\/div><div class=\"fg-caption-desc\">\u00f3leo sobre tela \/ 45&#215;95 cm<\/div><\/div><\/figcaption><\/figure><div class=\"fg-loader\"><\/div><\/div><div class=\"fg-item fg-type-image fg-idle\"><figure class=\"fg-item-inner\"><a href=\"https:\/\/mariaallemand.com.ar\/wp\/wp-content\/uploads\/2024\/06\/11isla-70x122-W.jpg\" data-caption-title=\"El mar no tiene caminos\" data-caption-desc=\"\u00f3leo sobre tela \/ 70x122 cm\" data-attachment-id=\"190\" data-type=\"image\" class=\"fg-thumb\"><span class=\"fg-image-wrap\"><img decoding=\"async\" title=\"El mar no tiene caminos\" width=\"250\" height=\"146\" class=\"skip-lazy fg-image\" data-src-fg=\"https:\/\/mariaallemand.com.ar\/wp\/wp-content\/uploads\/cache\/2024\/06\/11isla-70x122-W\/1068553328.jpg\" src=\"data:image\/svg+xml,%3Csvg%20xmlns%3D%22http%3A%2F%2Fwww.w3.org%2F2000%2Fsvg%22%20width%3D%22250%22%20height%3D%22146%22%20viewBox%3D%220%200%20250%20146%22%3E%3C%2Fsvg%3E\" loading=\"eager\"><\/span><span class=\"fg-image-overlay\"><\/span><\/a><figcaption class=\"fg-caption\"><div class=\"fg-caption-inner\"><div class=\"fg-caption-title\">El mar no tiene caminos<\/div><div class=\"fg-caption-desc\">\u00f3leo sobre tela \/ 70&#215;122 cm<\/div><\/div><\/figcaption><\/figure><div class=\"fg-loader\"><\/div><\/div><div class=\"fg-item fg-type-image fg-idle\"><figure class=\"fg-item-inner\"><a href=\"https:\/\/mariaallemand.com.ar\/wp\/wp-content\/uploads\/2024\/06\/13pantano-40x100W.jpg\" data-caption-title=\"La flor que naci\u00f3 en el pantano\" data-caption-desc=\"\u00f3leo sobre tela \/ 40x100 cm\" data-attachment-id=\"191\" data-type=\"image\" class=\"fg-thumb\"><span class=\"fg-image-wrap\"><img decoding=\"async\" title=\"La flor que naci\u00f3 en el pantano\" width=\"250\" height=\"99\" class=\"skip-lazy fg-image\" data-src-fg=\"https:\/\/mariaallemand.com.ar\/wp\/wp-content\/uploads\/cache\/2024\/06\/13pantano-40x100W\/554887313.jpg\" src=\"data:image\/svg+xml,%3Csvg%20xmlns%3D%22http%3A%2F%2Fwww.w3.org%2F2000%2Fsvg%22%20width%3D%22250%22%20height%3D%2299%22%20viewBox%3D%220%200%20250%2099%22%3E%3C%2Fsvg%3E\" loading=\"eager\"><\/span><span class=\"fg-image-overlay\"><\/span><\/a><figcaption class=\"fg-caption\"><div class=\"fg-caption-inner\"><div class=\"fg-caption-title\">La flor que naci\u00f3 en el pantano<\/div><div class=\"fg-caption-desc\">\u00f3leo sobre tela \/ 40&#215;100 cm<\/div><\/div><\/figcaption><\/figure><div class=\"fg-loader\"><\/div><\/div><div class=\"fg-item fg-type-image fg-idle\"><figure class=\"fg-item-inner\"><a href=\"https:\/\/mariaallemand.com.ar\/wp\/wp-content\/uploads\/2024\/06\/02planta-80x100W-1-1.jpg\" data-caption-title=\"El coraz\u00f3n de todo\" data-caption-desc=\"\u00f3leo sobre tela \/ 80x100 cm\" data-attachment-id=\"184\" data-type=\"image\" class=\"fg-thumb\"><span class=\"fg-image-wrap\"><img decoding=\"async\" title=\"El coraz\u00f3n de todo\" width=\"250\" height=\"316\" class=\"skip-lazy fg-image\" data-src-fg=\"https:\/\/mariaallemand.com.ar\/wp\/wp-content\/uploads\/cache\/2024\/06\/02planta-80x100W-1-1\/434142743.jpg\" src=\"data:image\/svg+xml,%3Csvg%20xmlns%3D%22http%3A%2F%2Fwww.w3.org%2F2000%2Fsvg%22%20width%3D%22250%22%20height%3D%22316%22%20viewBox%3D%220%200%20250%20316%22%3E%3C%2Fsvg%3E\" loading=\"eager\"><\/span><span class=\"fg-image-overlay\"><\/span><\/a><figcaption class=\"fg-caption\"><div class=\"fg-caption-inner\"><div class=\"fg-caption-title\">El coraz\u00f3n de todo<\/div><div class=\"fg-caption-desc\">\u00f3leo sobre tela \/ 80&#215;100 cm<\/div><\/div><\/figcaption><\/figure><div class=\"fg-loader\"><\/div><\/div><div class=\"fg-item fg-type-image fg-idle\"><figure class=\"fg-item-inner\"><a href=\"https:\/\/mariaallemand.com.ar\/wp\/wp-content\/uploads\/2024\/06\/01pajaros68x100W-1.jpg\" data-caption-title=\"Un d\u00eda que el universo \r\nse equivoc\u00f3\" data-caption-desc=\"\u00f3leo sobre tela \/ 68x100 cm\" data-attachment-id=\"185\" data-type=\"image\" class=\"fg-thumb\"><span class=\"fg-image-wrap\"><img decoding=\"async\" title=\"Un d\u00eda que el universo \r\nse equivoc\u00f3\" width=\"250\" height=\"172\" class=\"skip-lazy fg-image\" data-src-fg=\"https:\/\/mariaallemand.com.ar\/wp\/wp-content\/uploads\/cache\/2024\/06\/01pajaros68x100W-1\/1229691543.jpg\" src=\"data:image\/svg+xml,%3Csvg%20xmlns%3D%22http%3A%2F%2Fwww.w3.org%2F2000%2Fsvg%22%20width%3D%22250%22%20height%3D%22172%22%20viewBox%3D%220%200%20250%20172%22%3E%3C%2Fsvg%3E\" loading=\"eager\"><\/span><span class=\"fg-image-overlay\"><\/span><\/a><figcaption class=\"fg-caption\"><div class=\"fg-caption-inner\"><div class=\"fg-caption-title\">Un d\u00eda que el universo \r\nse equivoc\u00f3<\/div><div class=\"fg-caption-desc\">\u00f3leo sobre tela \/ 68&#215;100 cm<\/div><\/div><\/figcaption><\/figure><div class=\"fg-loader\"><\/div><\/div><div class=\"fg-item fg-type-image fg-idle\"><figure class=\"fg-item-inner\"><a href=\"https:\/\/mariaallemand.com.ar\/wp\/wp-content\/uploads\/2024\/06\/bosquew.jpg\" data-attachment-id=\"309\" data-type=\"image\" class=\"fg-thumb\"><span class=\"fg-image-wrap\"><img decoding=\"async\" width=\"250\" height=\"142\" class=\"skip-lazy fg-image\" data-src-fg=\"https:\/\/mariaallemand.com.ar\/wp\/wp-content\/uploads\/cache\/2024\/06\/bosquew\/970811756.jpg\" src=\"data:image\/svg+xml,%3Csvg%20xmlns%3D%22http%3A%2F%2Fwww.w3.org%2F2000%2Fsvg%22%20width%3D%22250%22%20height%3D%22142%22%20viewBox%3D%220%200%20250%20142%22%3E%3C%2Fsvg%3E\" loading=\"eager\"><\/span><span class=\"fg-image-overlay\"><\/span><\/a><figcaption class=\"fg-caption\"><div class=\"fg-caption-inner\"><\/div><\/figcaption><\/figure><div class=\"fg-loader\"><\/div><\/div><div class=\"fg-item fg-type-image fg-idle\"><figure class=\"fg-item-inner\"><a href=\"https:\/\/mariaallemand.com.ar\/wp\/wp-content\/uploads\/2024\/06\/diamantew.jpg\" data-attachment-id=\"310\" data-type=\"image\" class=\"fg-thumb\"><span class=\"fg-image-wrap\"><img decoding=\"async\" width=\"250\" height=\"315\" class=\"skip-lazy fg-image\" data-src-fg=\"https:\/\/mariaallemand.com.ar\/wp\/wp-content\/uploads\/cache\/2024\/06\/diamantew\/428267392.jpg\" src=\"data:image\/svg+xml,%3Csvg%20xmlns%3D%22http%3A%2F%2Fwww.w3.org%2F2000%2Fsvg%22%20width%3D%22250%22%20height%3D%22315%22%20viewBox%3D%220%200%20250%20315%22%3E%3C%2Fsvg%3E\" loading=\"eager\"><\/span><span class=\"fg-image-overlay\"><\/span><\/a><figcaption class=\"fg-caption\"><div class=\"fg-caption-inner\"><\/div><\/figcaption><\/figure><div class=\"fg-loader\"><\/div><\/div><div class=\"fg-item fg-type-image fg-idle\"><figure class=\"fg-item-inner\"><a href=\"https:\/\/mariaallemand.com.ar\/wp\/wp-content\/uploads\/2024\/06\/09totem-60x80-W.jpg\" data-caption-title=\"Reparar el mundo\" data-caption-desc=\"\u00f3leo sobre tela \/ 60x80 cm\" data-attachment-id=\"188\" data-type=\"image\" class=\"fg-thumb\"><span class=\"fg-image-wrap\"><img decoding=\"async\" title=\"Reparar el mundo\" width=\"250\" height=\"335\" class=\"skip-lazy fg-image\" data-src-fg=\"https:\/\/mariaallemand.com.ar\/wp\/wp-content\/uploads\/cache\/2024\/06\/09totem-60x80-W\/3543568309.jpg\" src=\"data:image\/svg+xml,%3Csvg%20xmlns%3D%22http%3A%2F%2Fwww.w3.org%2F2000%2Fsvg%22%20width%3D%22250%22%20height%3D%22335%22%20viewBox%3D%220%200%20250%20335%22%3E%3C%2Fsvg%3E\" loading=\"eager\"><\/span><span class=\"fg-image-overlay\"><\/span><\/a><figcaption class=\"fg-caption\"><div class=\"fg-caption-inner\"><div class=\"fg-caption-title\">Reparar el mundo<\/div><div class=\"fg-caption-desc\">\u00f3leo sobre tela \/ 60&#215;80 cm<\/div><\/div><\/figcaption><\/figure><div class=\"fg-loader\"><\/div><\/div><div class=\"fg-item fg-type-image fg-idle\"><figure class=\"fg-item-inner\"><a href=\"https:\/\/mariaallemand.com.ar\/wp\/wp-content\/uploads\/2024\/06\/08tronco50x50W.jpg\" data-caption-title=\"Hilo c\u00f3smico\" data-caption-desc=\"\u00f3leo sobre tela \/ 50x50 cm\" data-attachment-id=\"201\" data-type=\"image\" class=\"fg-thumb\"><span class=\"fg-image-wrap\"><img decoding=\"async\" title=\"Hilo c\u00f3smico\" width=\"250\" height=\"252\" class=\"skip-lazy fg-image\" data-src-fg=\"https:\/\/mariaallemand.com.ar\/wp\/wp-content\/uploads\/cache\/2024\/06\/08tronco50x50W\/2244861365.jpg\" src=\"data:image\/svg+xml,%3Csvg%20xmlns%3D%22http%3A%2F%2Fwww.w3.org%2F2000%2Fsvg%22%20width%3D%22250%22%20height%3D%22252%22%20viewBox%3D%220%200%20250%20252%22%3E%3C%2Fsvg%3E\" loading=\"eager\"><\/span><span class=\"fg-image-overlay\"><\/span><\/a><figcaption class=\"fg-caption\"><div class=\"fg-caption-inner\"><div class=\"fg-caption-title\">Hilo c\u00f3smico<\/div><div class=\"fg-caption-desc\">\u00f3leo sobre tela \/ 50&#215;50 cm<\/div><\/div><\/figcaption><\/figure><div class=\"fg-loader\"><\/div><\/div><div class=\"fg-item fg-type-image fg-idle\"><figure class=\"fg-item-inner\"><a href=\"https:\/\/mariaallemand.com.ar\/wp\/wp-content\/uploads\/2024\/06\/16luz-60x80-W.jpg\" data-caption-title=\"No es f\u00e1cil comprender un crep\u00fasculo\" data-caption-desc=\"\u00f3leo sobre tela \/ 60x80 cm\" data-attachment-id=\"194\" data-type=\"image\" class=\"fg-thumb\"><span class=\"fg-image-wrap\"><img decoding=\"async\" title=\"No es f\u00e1cil comprender un crep\u00fasculo\" width=\"250\" height=\"336\" class=\"skip-lazy fg-image\" data-src-fg=\"https:\/\/mariaallemand.com.ar\/wp\/wp-content\/uploads\/cache\/2024\/06\/16luz-60x80-W\/191548165.jpg\" src=\"data:image\/svg+xml,%3Csvg%20xmlns%3D%22http%3A%2F%2Fwww.w3.org%2F2000%2Fsvg%22%20width%3D%22250%22%20height%3D%22336%22%20viewBox%3D%220%200%20250%20336%22%3E%3C%2Fsvg%3E\" loading=\"eager\"><\/span><span class=\"fg-image-overlay\"><\/span><\/a><figcaption class=\"fg-caption\"><div class=\"fg-caption-inner\"><div class=\"fg-caption-title\">No es f\u00e1cil comprender un crep\u00fasculo<\/div><div class=\"fg-caption-desc\">\u00f3leo sobre tela \/ 60&#215;80 cm<\/div><\/div><\/figcaption><\/figure><div class=\"fg-loader\"><\/div><\/div><div class=\"fg-item fg-type-image fg-idle\"><figure class=\"fg-item-inner\"><a href=\"https:\/\/mariaallemand.com.ar\/wp\/wp-content\/uploads\/2024\/06\/10desierto70x90W.jpg\" data-caption-title=\"Mudo existir\" data-caption-desc=\"\u00f3leo sobre tela \/ 72x93 cm\" data-attachment-id=\"189\" data-type=\"image\" class=\"fg-thumb\"><span class=\"fg-image-wrap\"><img decoding=\"async\" title=\"Mudo existir\" width=\"250\" height=\"194\" class=\"skip-lazy fg-image\" data-src-fg=\"https:\/\/mariaallemand.com.ar\/wp\/wp-content\/uploads\/cache\/2024\/06\/10desierto70x90W\/3321847496.jpg\" src=\"data:image\/svg+xml,%3Csvg%20xmlns%3D%22http%3A%2F%2Fwww.w3.org%2F2000%2Fsvg%22%20width%3D%22250%22%20height%3D%22194%22%20viewBox%3D%220%200%20250%20194%22%3E%3C%2Fsvg%3E\" loading=\"eager\"><\/span><span class=\"fg-image-overlay\"><\/span><\/a><figcaption class=\"fg-caption\"><div class=\"fg-caption-inner\"><div class=\"fg-caption-title\">Mudo existir<\/div><div class=\"fg-caption-desc\">\u00f3leo sobre tela \/ 72&#215;93 cm<\/div><\/div><\/figcaption><\/figure><div class=\"fg-loader\"><\/div><\/div><\/div>\n\n\n<pre class=\"wp-block-verse has-small-font-size\">Hasta que un buen d\u00eda se comprende, se entiende que todo lo que se puede saber cabe en el hueco de la mano (o de un caracol, pero de los grandes)<br>\u00bfEs posible hacerle una pregunta a un paisaje?<br>\u00bfEs posible no hacerle preguntas a un desierto?<br>Tal vez la composici\u00f3n cl\u00e1sica sea la m\u00e1s adecuada para dejar ver lo que en verdad se quiere mostrar:<br>La soledad del sobreviviente en un paisaje posible, familiar pero vuelto tan extra\u00f1o.<br>La mirada glacial de quien se sabe solo y sin embargo te est\u00e1 mirando.<br>Una justa proporci\u00f3n de calidez y frialdad, lo que avanza y lo que retrocede. Las sombras se alargan, se alejan, se afinan. Son ultramar, viol\u00e1ceas, fr\u00edas. Los colores pierden su fuerza. Es que el desencanto es p\u00e1lido. D\u00edas que se suceden en un mudo existir rosa, celeste, marfil. Un eco del pasado, de la infancia que todav\u00eda sigue pero que un poco ya se fue. Encerrarse y a\u00fan as\u00ed poner en exposici\u00f3n ese cerramiento. Lo que est\u00e1 roto y se podr\u00eda reparar con casi nada. O ser\u00e1 que nada lo repara.<br><br>En el crep\u00fasculo se encuentran el fin y el principio. Intersecci\u00f3n de dos mundos. Intervalo de luz incomprensible.<br><br><strong>escrito por Mercedes Pujana y Mar\u00eda Allemand<\/strong><\/pre>\n\n\n\n<div class=\"wp-block-buttons is-layout-flex wp-block-buttons-is-layout-flex\">\n<div class=\"wp-block-button has-custom-width wp-block-button__width-50 has-custom-font-size has-small-font-size\"><a class=\"wp-block-button__link has-cyan-bluish-gray-background-color has-background has-text-align-left wp-element-button\" href=\"https:\/\/www.laestrella.com.pa\/vida-y-cultura\/cultura\/maria-lienzos-allemand-crepusculo-EKLE121621\" style=\"border-radius:0px\"><strong>El crep\u00fasculo en los lienzos de Mar\u00eda Allemand<\/strong>                                               por Daniel M Alarco (<em>La estrella de<\/em> <em>Panam\u00e1<\/em>)<\/a><\/div>\n<\/div>\n","protected":false},"excerpt":{"rendered":"<p>2015 Allegro Gallery \/ Panam\u00e1 Hasta que un buen d\u00eda se comprende, se entiende que todo lo que se puede saber cabe en el hueco<\/p>\n","protected":false},"author":1,"featured_media":0,"parent":12,"menu_order":3,"comment_status":"closed","ping_status":"closed","template":"","meta":{"footnotes":""},"class_list":["post-46","page","type-page","status-publish","hentry"],"_links":{"self":[{"href":"https:\/\/mariaallemand.com.ar\/wp\/wp-json\/wp\/v2\/pages\/46","targetHints":{"allow":["GET"]}}],"collection":[{"href":"https:\/\/mariaallemand.com.ar\/wp\/wp-json\/wp\/v2\/pages"}],"about":[{"href":"https:\/\/mariaallemand.com.ar\/wp\/wp-json\/wp\/v2\/types\/page"}],"author":[{"embeddable":true,"href":"https:\/\/mariaallemand.com.ar\/wp\/wp-json\/wp\/v2\/users\/1"}],"replies":[{"embeddable":true,"href":"https:\/\/mariaallemand.com.ar\/wp\/wp-json\/wp\/v2\/comments?post=46"}],"version-history":[{"count":36,"href":"https:\/\/mariaallemand.com.ar\/wp\/wp-json\/wp\/v2\/pages\/46\/revisions"}],"predecessor-version":[{"id":250,"href":"https:\/\/mariaallemand.com.ar\/wp\/wp-json\/wp\/v2\/pages\/46\/revisions\/250"}],"up":[{"embeddable":true,"href":"https:\/\/mariaallemand.com.ar\/wp\/wp-json\/wp\/v2\/pages\/12"}],"wp:attachment":[{"href":"https:\/\/mariaallemand.com.ar\/wp\/wp-json\/wp\/v2\/media?parent=46"}],"curies":[{"name":"wp","href":"https:\/\/api.w.org\/{rel}","templated":true}]}}